{"id":298,"date":"2018-07-26T08:23:49","date_gmt":"2018-07-26T08:23:49","guid":{"rendered":"http:\/\/voetzorgjolanda.nl\/?page_id=298"},"modified":"2018-07-26T08:23:49","modified_gmt":"2018-07-26T08:23:49","slug":"algemene-voorwaarden","status":"publish","type":"page","link":"https:\/\/voetzorgjolanda.nl\/?page_id=298","title":{"rendered":"Algemene voorwaarden"},"content":{"rendered":"<p><strong>1. Algemeen<\/strong><br \/>\nDeze voorwaarden gelden voor iedere aanbieding, behandeling en transactie tussen Voetzorg Jolanda en een cli\u00ebnt waarop Voetzorg Jolanda deze voorwaarden van toepassing heeft verklaard, voor zover van deze voorwaarden niet door partijen uitdrukkelijk en schriftelijk is afgeweken.<\/p>\n<p><strong>2. Diensten<\/strong><br \/>\nVoetzorg Jolanda zal de behandelingen naar beste inzicht en vermogen en overeenkomstig de eisen van goed vakmanschap uitvoeren en op grond van de op dat moment bekende stand der wetenschap. Voetzorg Jolanda zal zoveel als redelijkerwijs mogelijk is de cli\u00ebnt inlichten over financi\u00eble consequenties van de wijziging of aanvulling van de behandeling.<\/p>\n<p><strong>3. Afspraken<\/strong><br \/>\nBehandelingen vinden uitsluitend plaats op afspraak. Deze kunnen gemaakt worden via Whatsapp, telefoon of per mail. De cli\u00ebnt moet verhindering voor een afspraak zo spoedig mogelijk, doch uiterlijk 24 uur voorafgaande aan de afspraak melden. Deze verhindering doorgeven kan ook via Whatsapp, telefoon of per mail. Indien de cli\u00ebnt deze verplichting niet of niet tijdig nakomt, wordt de afgesproken behandeling aan de cli\u00ebnt doorberekend.<\/p>\n<p><strong>4. Betaling<\/strong><br \/>\nVoetzorg Jolanda vermeldt alle prijzen van behandelingen zichtbaar in de praktijk en op de site. De gemelde prijzen zijn inclusief 21% btw. Prijswijzigingen zijn 60 dagen voor de ingangsdatum duidelijk zichtbaar in de praktijk aanwezig. Aanbiedingen zijn geldig in de aangegeven looptijd en\/of zolang de voorraad strekt. De cli\u00ebnt dient direct na afloop van de behandeling de betaling van de behandeling en eventuele producten contant te voldoen.<\/p>\n<p><strong>5. Persoonsgegevens &amp; privacy<\/strong><br \/>\nDe cli\u00ebnt voorziet\u00a0Voetzorg Jolanda tijdens het eerste consult van alle gegevens die relevant zijn voor een goede beroepsuitvoering.\u00a0Voetzorg Jolanda behandelt de vertrouwelijke gegevens van de cli\u00ebnt volgens de richtlijnen van de Algemene verordening gegevensbescherming.\u00a0Gegevens kunnen uitsluitend met toestemming van cli\u00ebnt gedeeld worden met andere disciplines zoals huisarts of medisch specialist. De cli\u00ebnt heeft ten aller tijde recht op inzage in eigen behandelgegevens. Voetzorg Jolanda zal gegevens van de cli\u00ebnt niet verkopen of verhuren aan derden.<\/p>\n<p><strong>6. Geheimhouding<\/strong><br \/>\nVoetzorg Jolanda is verplicht tot geheimhouding van alle vertrouwelijke informatie die de cli\u00ebnt heeft verteld tijdens de behandeling. Informatie geldt als vertrouwelijk als dit door de cli\u00ebnt is verteld of als dit voortvloeit uit de aard van de informatie. De geheimhouding vervalt indien, op grond van een wettelijke bepaling of een rechterlijke uitspraak,\u00a0Voetzorg Jolanda verplicht is de vertrouwelijke informatie aan derden te verstrekken.<\/p>\n<p><strong>7. Aansprakelijkheid<\/strong><br \/>\nVoetzorg Jolanda\u00a0is niet aansprakelijk voor schade, van welke aard ook, die is ontstaan doordat cli\u00ebnt onjuiste en\/of onvolledige informatie heeft verstrekt over relevante lichamelijke aandoeningen, medicijngebruik, werkzaamheden of vrijetijdsbesteding. Voetzorg Jolanda is niet aansprakelijk voor verlies, diefstal of beschadiging van persoonlijke eigendommen die de cli\u00ebnt heeft meegenomen naar de praktijk.<\/p>\n<p><strong>8. Beschadiging &amp; diefstal<\/strong><br \/>\nVoetzorg Jolanda\u00a0heeft het recht van de cli\u00ebnt een schadevergoeding te eisen indien de cli\u00ebnt meubilair, apparatuur of producten beschadigt.\u00a0Voetzorg Jolanda meldt diefstal altijd bij de politie.<\/p>\n<p><span style=\"font-size: 16px;\"><strong>9. Garantie<\/strong><\/span><\/p>\n<p><span style=\"font-size: 16px;\">Voetzorg Jolanda geeft \u00e9\u00e9n week (zeven dagen) garantie op de behandelingen en de producten.<\/span><\/p>\n<p><span style=\"font-size: 16px;\">Deze garantie komt te vervallen indien:<\/span><\/p>\n<ul>\n<li><span style=\"font-size: 16px;\">De cli\u00ebnt de adviezen niet heeft opgevolgd.<\/span><\/li>\n<li><span style=\"font-size: 16px;\">De cli\u00ebnt de verwijzing naar een andere discipline niet heeft opgevolgd.<\/span><\/li>\n<li><span style=\"font-size: 16px;\">De cli\u00ebnt de producten niet volgens de gebruiksaanwijzing of aanwijzingen heeft gebruikt.<\/span><\/li>\n<\/ul>\n<p>&nbsp;<\/p>\n<h2><span style=\"font-size: 16px;\"><strong>10. Klachten<\/strong><\/span><\/h2>\n<p><span style=\"font-size: 16px;\">Indien een cli\u00ebnt een klacht heeft over de behandeling of over een product, moet deze zo spoedig mogelijk, doch uiterlijk binnen zeven dagen, schriftelijk worden gemeld aan Voetzorg Jolanda.<\/span><\/p>\n<p><span style=\"font-size: 16px;\">Voetzorg Jolanda dient de cli\u00ebnt binnen zeven dagen na ontvangst van de schriftelijke klacht, een adequaat antwoord te geven. Bij een gegronde klacht zal Voetzorg Jolanda de behandeling opnieuw verrichten. Is een overeenstemming tussen cli\u00ebnt en Voetzorg Jolanda niet mogelijk dan kan de cli\u00ebnt het geschil voorleggen bij de geschillencommissie.<\/span><\/p>\n<h2><\/h2>\n","protected":false},"excerpt":{"rendered":"<p>1. Algemeen Deze voorwaarden gelden voor iedere aanbieding, behandeling en transactie tussen Voetzorg Jolanda en een cli\u00ebnt waarop Voetzorg Jolanda deze voorwaarden van toepassing heeft verklaard, voor zover van deze voorwaarden niet door partijen uitdrukkelijk en schriftelijk is afgeweken. 2. Diensten Voetzorg Jolanda zal de behandelingen naar beste inzicht en vermogen en overeenkomstig de eisen&hellip;<\/p>\n","protected":false},"author":1,"featured_media":0,"parent":0,"menu_order":0,"comment_status":"closed","ping_status":"closed","template":"","meta":{"sfsi_plus_gutenberg_text_before_share":"","sfsi_plus_gutenberg_show_text_before_share":"","sfsi_plus_gutenberg_icon_type":"","sfsi_plus_gutenberg_icon_alignemt":"","sfsi_plus_gutenburg_max_per_row":"","_exactmetrics_skip_tracking":false,"_exactmetrics_sitenote_active":false,"_exactmetrics_sitenote_note":"","_exactmetrics_sitenote_category":0,"footnotes":""},"class_list":["post-298","page","type-page","status-publish","hentry"],"_links":{"self":[{"href":"https:\/\/voetzorgjolanda.nl\/index.php?rest_route=\/wp\/v2\/pages\/298","targetHints":{"allow":["GET"]}}],"collection":[{"href":"https:\/\/voetzorgjolanda.nl\/index.php?rest_route=\/wp\/v2\/pages"}],"about":[{"href":"https:\/\/voetzorgjolanda.nl\/index.php?rest_route=\/wp\/v2\/types\/page"}],"author":[{"embeddable":true,"href":"https:\/\/voetzorgjolanda.nl\/index.php?rest_route=\/wp\/v2\/users\/1"}],"replies":[{"embeddable":true,"href":"https:\/\/voetzorgjolanda.nl\/index.php?rest_route=%2Fwp%2Fv2%2Fcomments&post=298"}],"version-history":[{"count":1,"href":"https:\/\/voetzorgjolanda.nl\/index.php?rest_route=\/wp\/v2\/pages\/298\/revisions"}],"predecessor-version":[{"id":299,"href":"https:\/\/voetzorgjolanda.nl\/index.php?rest_route=\/wp\/v2\/pages\/298\/revisions\/299"}],"wp:attachment":[{"href":"https:\/\/voetzorgjolanda.nl\/index.php?rest_route=%2Fwp%2Fv2%2Fmedia&parent=298"}],"curies":[{"name":"wp","href":"https:\/\/api.w.org\/{rel}","templated":true}]}}